{"id":250844,"date":"2021-08-06T15:36:50","date_gmt":"2021-08-06T13:36:50","guid":{"rendered":"https:\/\/staging.nebulonghi.it\/pongase-en-contacto-con-nosotros"},"modified":"2022-06-22T19:17:42","modified_gmt":"2022-06-22T17:17:42","slug":"pongase-en-contacto-con-nosotros","status":"publish","type":"page","link":"https:\/\/www.nebulonghi.it\/es\/pongase-en-contacto-con-nosotros","title":{"rendered":"P\u00f3ngase en contacto con nosotros"},"content":{"rendered":"<p>[et_pb_section fb_built=\u00bb1&#8243; _builder_version=\u00bb4.16&#8243; _module_preset=\u00bbdefault\u00bb custom_margin=\u00bb0em||0em||false|false\u00bb custom_padding=\u00bb0em||0em||false|false\u00bb global_colors_info=\u00bb{}\u00bb theme_builder_area=\u00bbpost_content\u00bb][et_pb_row _builder_version=\u00bb4.16&#8243; _module_preset=\u00bbdefault\u00bb width=\u00bb100%\u00bb custom_margin=\u00bb0em||0em||false|false\u00bb custom_padding=\u00bb0em||0em||false|false\u00bb global_colors_info=\u00bb{}\u00bb theme_builder_area=\u00bbpost_content\u00bb][et_pb_column type=\u00bb4_4&#8243; _builder_version=\u00bb4.16&#8243; _module_preset=\u00bbdefault\u00bb global_colors_info=\u00bb{}\u00bb theme_builder_area=\u00bbpost_content\u00bb][et_pb_text _builder_version=\u00bb4.16&#8243; _module_preset=\u00bbdefault\u00bb header_2_text_color=\u00bbgcid-cb5643f0-d518-4fb5-93d5-55203e1c1ffb\u00bb header_2_font_size=\u00bb22px\u00bb global_colors_info=\u00bb{%22gcid-cb5643f0-d518-4fb5-93d5-55203e1c1ffb%22:%91%22header_2_text_color%22%93}\u00bb theme_builder_area=\u00bbpost_content\u00bb]<\/p>\n<h2>P\u00f3ngase en contacto con nosotros<\/h2>\n<p>[\/et_pb_text][et_pb_text _builder_version=\u00bb4.17.4&#8243; _module_preset=\u00bbdefault\u00bb text_font=\u00bb|300|||||||\u00bb text_font_size=\u00bb16px\u00bb hover_enabled=\u00bb0&#8243; global_colors_info=\u00bb{}\u00bb theme_builder_area=\u00bbpost_content\u00bb sticky_enabled=\u00bb0&#8243;]<\/p>\n<p>Para <strong>organizar un funeral en Mil\u00e1n y su provincia<\/strong>, o para obtener m\u00e1s informaci\u00f3n sobre nuestros servicios, p\u00f3ngase en contacto con nosotros:<\/p>\n<p>\u25cf <a href=\"tel:+390266222895\">02 66222895<\/a><br \/>\u25cf <a href=\"mailto:info@nebulonghi.it\">info@nebulonghi.it<\/a><br \/>\u25cf <a href=\"https:\/\/wa.me\/message\/SD5FIUC73N74K1\" rel=\"nofollow noopener\" target=\"_blank\">Whatsapp business<\/a><\/p>\n<p>Estamos disponibles las <strong>24 horas del d\u00eda<\/strong> los <strong>siete d\u00edas de la semana.\u00a0 Antes de ponerse en contacto con nosotros, lea nuestra <a href=\"https:\/\/www.nebulonghi.it\/es\/contacto-politica-de-privacidad\">pol\u00edtica de privacidad<\/a>.<\/strong><\/p>\n<p>[\/et_pb_text][\/et_pb_column][\/et_pb_row][\/et_pb_section][et_pb_section fb_built=\u00bb1&#8243; _builder_version=\u00bb4.16&#8243; _module_preset=\u00bbdefault\u00bb custom_margin=\u00bb0em||0em||false|false\u00bb custom_padding=\u00bb0em||0em||false|false\u00bb global_colors_info=\u00bb{}\u00bb theme_builder_area=\u00bbpost_content\u00bb][et_pb_row column_structure=\u00bb1_3,1_3,1_3&#8243; _builder_version=\u00bb4.16&#8243; _module_preset=\u00bbdefault\u00bb width=\u00bb100%\u00bb custom_margin=\u00bb0em||0em||true|false\u00bb custom_padding=\u00bb1em||1em||true|false\u00bb global_colors_info=\u00bb{}\u00bb theme_builder_area=\u00bbpost_content\u00bb][et_pb_column type=\u00bb1_3&#8243; _builder_version=\u00bb4.16&#8243; _module_preset=\u00bbdefault\u00bb global_colors_info=\u00bb{}\u00bb theme_builder_area=\u00bbpost_content\u00bb][et_pb_button button_url=\u00bbtel:+390266222895&#8243; button_text=\u00bbMil\u00e1n\u00bb button_alignment=\u00bbcenter\u00bb admin_label=\u00bbpulsante call global header\u00bb _builder_version=\u00bb4.16&#8243; _module_preset=\u00bbdefault\u00bb custom_button=\u00bbon\u00bb button_text_size=\u00bb16px\u00bb button_text_color=\u00bb#FFFFFF\u00bb button_bg_color=\u00bbgcid-cb5643f0-d518-4fb5-93d5-55203e1c1ffb\u00bb button_border_width=\u00bb2px\u00bb button_border_color=\u00bbRGBA(0,0,0,0)\u00bb button_letter_spacing=\u00bb1px\u00bb button_font=\u00bb|700|||||||\u00bb button_use_icon=\u00bboff\u00bb background_layout=\u00bbdark\u00bb custom_margin=\u00bb0.2em||1em||false|false\u00bb custom_padding=\u00bb|2.8em|4px|3em|false|false\u00bb global_colors_info=\u00bb{%22gcid-cb5643f0-d518-4fb5-93d5-55203e1c1ffb%22:%91%22button_bg_color%22%93}\u00bb theme_builder_area=\u00bbpost_content\u00bb][\/et_pb_button][et_pb_text _builder_version=\u00bb4.16&#8243; _module_preset=\u00bbdefault\u00bb text_font=\u00bb|300|||||||\u00bb text_font_size=\u00bb16px\u00bb header_text_color=\u00bbgcid-cb5643f0-d518-4fb5-93d5-55203e1c1ffb\u00bb header_2_font=\u00bb|800|||||||\u00bb header_2_text_color=\u00bbgcid-cb5643f0-d518-4fb5-93d5-55203e1c1ffb\u00bb header_2_font_size=\u00bb30px\u00bb custom_margin=\u00bb0px|0px|0px|0px|false|false\u00bb custom_padding=\u00bb0px|0px|0px|0px|false|false\u00bb global_colors_info=\u00bb{%22gcid-cb5643f0-d518-4fb5-93d5-55203e1c1ffb%22:%91%22header_text_color%22,%22header_2_text_color%22%93}\u00bb theme_builder_area=\u00bbpost_content\u00bb]<\/p>\n<p style=\"text-align: center;\">Viale Monte Grappa, 2<\/p>\n<p style=\"text-align: center;\">20124 Mil\u00e1n MI<\/p>\n<p>[\/et_pb_text][\/et_pb_column][et_pb_column type=\u00bb1_3&#8243; _builder_version=\u00bb4.16&#8243; _module_preset=\u00bbdefault\u00bb global_colors_info=\u00bb{}\u00bb theme_builder_area=\u00bbpost_content\u00bb][et_pb_button button_url=\u00bbtel:+390266222895&#8243; button_text=\u00bbSesto San Giovanni\u00bb button_alignment=\u00bbcenter\u00bb admin_label=\u00bbpulsante call global header\u00bb _builder_version=\u00bb4.16&#8243; _module_preset=\u00bbdefault\u00bb custom_button=\u00bbon\u00bb button_text_size=\u00bb16px\u00bb button_text_color=\u00bb#FFFFFF\u00bb button_bg_color=\u00bbgcid-cb5643f0-d518-4fb5-93d5-55203e1c1ffb\u00bb button_border_width=\u00bb2px\u00bb button_border_color=\u00bbRGBA(0,0,0,0)\u00bb button_letter_spacing=\u00bb1px\u00bb button_font=\u00bb|700|||||||\u00bb button_use_icon=\u00bboff\u00bb background_layout=\u00bbdark\u00bb custom_margin=\u00bb0.2em||1em||false|false\u00bb custom_padding=\u00bb|2.8em|4px|3em|false|false\u00bb global_colors_info=\u00bb{%22gcid-cb5643f0-d518-4fb5-93d5-55203e1c1ffb%22:%91%22button_bg_color%22%93}\u00bb theme_builder_area=\u00bbpost_content\u00bb][\/et_pb_button][et_pb_text _builder_version=\u00bb4.16&#8243; _module_preset=\u00bbdefault\u00bb text_font=\u00bb|300|||||||\u00bb text_font_size=\u00bb16px\u00bb header_text_color=\u00bbgcid-cb5643f0-d518-4fb5-93d5-55203e1c1ffb\u00bb header_2_font=\u00bb|800|||||||\u00bb header_2_text_color=\u00bbgcid-cb5643f0-d518-4fb5-93d5-55203e1c1ffb\u00bb header_2_font_size=\u00bb30px\u00bb custom_margin=\u00bb0px|0px|0px|0px|false|false\u00bb custom_padding=\u00bb0px|0px|0px|0px|false|false\u00bb global_colors_info=\u00bb{%22gcid-cb5643f0-d518-4fb5-93d5-55203e1c1ffb%22:%91%22header_text_color%22,%22header_2_text_color%22%93}\u00bb theme_builder_area=\u00bbpost_content\u00bb]<\/p>\n<p style=\"text-align: center;\"><span data-sheets-value=\"{&quot;1&quot;:2,&quot;2&quot;:&quot;Sesto San Giovanni Via Ferri 1, en el l\u00edmite entre Cinisello Balsamo y Sesto San Giovanni&quot;}\" data-sheets-userformat=\"{&quot;2&quot;:10625,&quot;3&quot;:{&quot;1&quot;:0,&quot;3&quot;:1},&quot;10&quot;:0,&quot;11&quot;:4,&quot;14&quot;:{&quot;1&quot;:3,&quot;3&quot;:1},&quot;16&quot;:11}\">Via Ferri 1, <\/span><\/p>\n<p style=\"text-align: center;\"><span data-sheets-value=\"{&quot;1&quot;:2,&quot;2&quot;:&quot;Sesto San Giovanni Via Ferri 1, en el l\u00edmite entre Cinisello Balsamo y Sesto San Giovanni&quot;}\" data-sheets-userformat=\"{&quot;2&quot;:10625,&quot;3&quot;:{&quot;1&quot;:0,&quot;3&quot;:1},&quot;10&quot;:0,&quot;11&quot;:4,&quot;14&quot;:{&quot;1&quot;:3,&quot;3&quot;:1},&quot;16&quot;:11}\">en el l\u00edmite entre Cinisello Balsamo y Sesto San Giovanni<\/span><\/p>\n<p>[\/et_pb_text][\/et_pb_column][et_pb_column type=\u00bb1_3&#8243; _builder_version=\u00bb4.16&#8243; _module_preset=\u00bbdefault\u00bb global_colors_info=\u00bb{}\u00bb theme_builder_area=\u00bbpost_content\u00bb][et_pb_button button_url=\u00bbtel:+390266222895&#8243; button_text=\u00bbCinisello Balsamo\u00bb button_alignment=\u00bbcenter\u00bb admin_label=\u00bbpulsante call global header\u00bb _builder_version=\u00bb4.16&#8243; _module_preset=\u00bbdefault\u00bb custom_button=\u00bbon\u00bb button_text_size=\u00bb16px\u00bb button_text_color=\u00bb#FFFFFF\u00bb button_bg_color=\u00bbgcid-cb5643f0-d518-4fb5-93d5-55203e1c1ffb\u00bb button_border_width=\u00bb2px\u00bb button_border_color=\u00bbRGBA(0,0,0,0)\u00bb button_letter_spacing=\u00bb1px\u00bb button_font=\u00bb|700|||||||\u00bb button_use_icon=\u00bboff\u00bb background_layout=\u00bbdark\u00bb custom_margin=\u00bb0.2em||1em||false|false\u00bb custom_padding=\u00bb|2.8em|4px|3em|false|false\u00bb global_colors_info=\u00bb{%22gcid-cb5643f0-d518-4fb5-93d5-55203e1c1ffb%22:%91%22button_bg_color%22%93}\u00bb theme_builder_area=\u00bbpost_content\u00bb][\/et_pb_button][et_pb_text _builder_version=\u00bb4.16&#8243; _module_preset=\u00bbdefault\u00bb text_font=\u00bb|300|||||||\u00bb text_font_size=\u00bb16px\u00bb header_text_color=\u00bbgcid-cb5643f0-d518-4fb5-93d5-55203e1c1ffb\u00bb header_2_font=\u00bb|800|||||||\u00bb header_2_text_color=\u00bbgcid-cb5643f0-d518-4fb5-93d5-55203e1c1ffb\u00bb header_2_font_size=\u00bb30px\u00bb custom_margin=\u00bb0px|0px|0px|0px|false|false\u00bb custom_padding=\u00bb0px|0px|0px|0px|false|false\u00bb global_colors_info=\u00bb{%22gcid-cb5643f0-d518-4fb5-93d5-55203e1c1ffb%22:%91%22header_text_color%22,%22header_2_text_color%22%93}\u00bb theme_builder_area=\u00bbpost_content\u00bb]<\/p>\n<p style=\"text-align: center;\"><span data-sheets-value=\"{&quot;1&quot;:2,&quot;2&quot;:&quot;Cinisello Balsamo Via Gorki, en la esquina de la Via Ferri 20092 Cinisello Balsamo&quot;}\" data-sheets-userformat=\"{&quot;2&quot;:10625,&quot;3&quot;:{&quot;1&quot;:0,&quot;3&quot;:1},&quot;10&quot;:0,&quot;11&quot;:4,&quot;14&quot;:{&quot;1&quot;:3,&quot;3&quot;:1},&quot;16&quot;:11}\">Via Gorki, en la esquina de la Via Ferri<\/span><\/p>\n<p style=\"text-align: center;\"><span data-sheets-value=\"{&quot;1&quot;:2,&quot;2&quot;:&quot;Cinisello Balsamo Via Gorki, en la esquina de la Via Ferri 20092 Cinisello Balsamo&quot;}\" data-sheets-userformat=\"{&quot;2&quot;:10625,&quot;3&quot;:{&quot;1&quot;:0,&quot;3&quot;:1},&quot;10&quot;:0,&quot;11&quot;:4,&quot;14&quot;:{&quot;1&quot;:3,&quot;3&quot;:1},&quot;16&quot;:11}\">20092 Cinisello Balsamo<\/span><\/p>\n<p>[\/et_pb_text][\/et_pb_column][\/et_pb_row][et_pb_row disabled_on=\u00bboff|off|off\u00bb module_id=\u00bbhomepage-google-maps\u00bb _builder_version=\u00bb4.16&#8243; _module_preset=\u00bbdefault\u00bb saved_tabs=\u00bball\u00bb global_colors_info=\u00bb{}\u00bb theme_builder_area=\u00bbpost_content\u00bb][et_pb_column type=\u00bb4_4&#8243; _builder_version=\u00bb4.16&#8243; _module_preset=\u00bbdefault\u00bb global_colors_info=\u00bb{}\u00bb theme_builder_area=\u00bbpost_content\u00bb][et_pb_text _builder_version=\u00bb4.16&#8243; _module_preset=\u00bbdefault\u00bb locked=\u00bboff\u00bb global_colors_info=\u00bb{}\u00bb theme_builder_area=\u00bbpost_content\u00bb]<iframe loading=\"lazy\" src=\"https:\/\/www.google.com\/maps\/d\/u\/0\/embed?mid=100uH3y9Vagt2uRwpfKeUvxawCfA8Cl2J\" width=\"100%\" height=\"580px\"><\/iframe>[\/et_pb_text][\/et_pb_column][\/et_pb_row][\/et_pb_section]<\/p>\n","protected":false},"excerpt":{"rendered":"<p>Puede ponerse en contacto con nosotros las 24 horas del d\u00eda los siete d\u00edas de la semana.\u00bb<\/p>\n","protected":false},"author":2,"featured_media":247055,"parent":0,"menu_order":0,"comment_status":"closed","ping_status":"closed","template":"","meta":{"_et_pb_use_builder":"on","_et_pb_old_content":"","_et_gb_content_width":"","footnotes":""},"class_list":["post-250844","page","type-page","status-publish","has-post-thumbnail","hentry"],"_links":{"self":[{"href":"https:\/\/www.nebulonghi.it\/es\/wp-json\/wp\/v2\/pages\/250844","targetHints":{"allow":["GET"]}}],"collection":[{"href":"https:\/\/www.nebulonghi.it\/es\/wp-json\/wp\/v2\/pages"}],"about":[{"href":"https:\/\/www.nebulonghi.it\/es\/wp-json\/wp\/v2\/types\/page"}],"author":[{"embeddable":true,"href":"https:\/\/www.nebulonghi.it\/es\/wp-json\/wp\/v2\/users\/2"}],"replies":[{"embeddable":true,"href":"https:\/\/www.nebulonghi.it\/es\/wp-json\/wp\/v2\/comments?post=250844"}],"version-history":[{"count":0,"href":"https:\/\/www.nebulonghi.it\/es\/wp-json\/wp\/v2\/pages\/250844\/revisions"}],"wp:featuredmedia":[{"embeddable":true,"href":"https:\/\/www.nebulonghi.it\/es\/wp-json\/wp\/v2\/media\/247055"}],"wp:attachment":[{"href":"https:\/\/www.nebulonghi.it\/es\/wp-json\/wp\/v2\/media?parent=250844"}],"curies":[{"name":"wp","href":"https:\/\/api.w.org\/{rel}","templated":true}]}}