{"id":250841,"date":"2021-08-06T15:27:51","date_gmt":"2021-08-06T13:27:51","guid":{"rendered":"https:\/\/staging.nebulonghi.it\/quienes-somos"},"modified":"2022-06-14T13:10:42","modified_gmt":"2022-06-14T11:10:42","slug":"quienes-somos","status":"publish","type":"page","link":"https:\/\/www.nebulonghi.it\/es\/quienes-somos","title":{"rendered":"Qui\u00e9nes somos"},"content":{"rendered":"<p>[et_pb_section fb_built=\u00bb1&#8243; _builder_version=\u00bb4.16&#8243; _module_preset=\u00bbdefault\u00bb custom_margin=\u00bb1em||||false|false\u00bb custom_padding=\u00bb1em||0px||false|false\u00bb global_colors_info=\u00bb{}\u00bb theme_builder_area=\u00bbpost_content\u00bb da_is_popup=\u00bboff\u00bb da_exit_intent=\u00bboff\u00bb da_has_close=\u00bbon\u00bb da_alt_close=\u00bboff\u00bb da_dark_close=\u00bboff\u00bb da_not_modal=\u00bbon\u00bb da_is_singular=\u00bboff\u00bb da_with_loader=\u00bboff\u00bb da_has_shadow=\u00bbon\u00bb da_disable_devices=\u00bboff|off|off\u00bb][et_pb_row column_structure=\u00bb3_5,2_5&#8243; _builder_version=\u00bb4.16&#8243; _module_preset=\u00bbdefault\u00bb width=\u00bb100%\u00bb custom_margin=\u00bb0em||0em||false|false\u00bb custom_padding=\u00bb0em||0em||false|false\u00bb global_colors_info=\u00bb{}\u00bb theme_builder_area=\u00bbpost_content\u00bb][et_pb_column type=\u00bb3_5&#8243; _builder_version=\u00bb4.16&#8243; _module_preset=\u00bbdefault\u00bb global_colors_info=\u00bb{}\u00bb theme_builder_area=\u00bbpost_content\u00bb][et_pb_text _builder_version=\u00bb4.16&#8243; _module_preset=\u00bbdefault\u00bb header_2_text_color=\u00bbgcid-cb5643f0-d518-4fb5-93d5-55203e1c1ffb\u00bb header_2_font_size=\u00bb22px\u00bb global_colors_info=\u00bb{%22gcid-cb5643f0-d518-4fb5-93d5-55203e1c1ffb%22:%91%22header_2_text_color%22%93}\u00bb theme_builder_area=\u00bbpost_content\u00bb]<\/p>\n<h2>Qui\u00e9nes somos<\/h2>\n<p>[\/et_pb_text][et_pb_text _builder_version=\u00bb4.16&#8243; _module_preset=\u00bbdefault\u00bb text_font=\u00bb|300|||||||\u00bb text_font_size=\u00bb16px\u00bb hover_enabled=\u00bb0&#8243; global_colors_info=\u00bb{}\u00bb theme_builder_area=\u00bbpost_content\u00bb sticky_enabled=\u00bb0&#8243;]<\/p>\n<p><span data-sheets-value=\"{&quot;1&quot;:2,&quot;2&quot;:&quot;Qui\u00e9nes somos\\nSomos una empresa de funerarias con una larga historia. La empresa familiar se fund\u00f3 en 1968 y, hoy en d\u00eda, Arimatea Nebulonghi la gestiona la tercera generaci\u00f3n de la familia.\\n\\nEl nuevo director dej\u00f3 atr\u00e1s una exitosa carrera profesional en el mundo de los negocios internacionales para asumir su funci\u00f3n con el objetivo de continuar el negocio de la familia y cumplir su deseo de dedicarse, con su esp\u00edritu de servicio, a ayudar a las familias a enfrentarse a la p\u00e9rdida de un ser querido. Esta devoci\u00f3n es lo que caracteriza la identidad de la empresa y simboliza todo lo que nos gustar\u00eda conseguir.\\n\\nSomos artesanos y nos apasiona nuestra misi\u00f3n de trabajar con amor para todas las familias en duelo.\\n\\nEn 2009, fuimos la primera funeraria en adherirse a un convenio propuesto por el ayuntamiento de Mil\u00e1n para ofrecer servicios funerarios a bajo coste que fueran accesibles a todos los habitantes de la ciudad.\\n\\nDisponemos de siete tanatorios en el municipio de Mil\u00e1n, adem\u00e1s de en los municipios de Cinisello Balsamo (situado en Via Gorki, en la esquina de Via Ferri, a 500 metros del hospital Bassini de Cinisello) y Sesto San Giovanni (a 1000 metros del hospital Sesto San Giovanni Multimedica).&quot;}\" data-sheets-userformat=\"{&quot;2&quot;:11137,&quot;3&quot;:{&quot;1&quot;:0},&quot;10&quot;:0,&quot;11&quot;:4,&quot;12&quot;:0,&quot;14&quot;:{&quot;1&quot;:3,&quot;3&quot;:1},&quot;16&quot;:11}\" data-sheets-textstyleruns=\"{&quot;1&quot;:0}\uee10{&quot;1&quot;:35,&quot;2&quot;:{&quot;5&quot;:1}}\uee10{&quot;1&quot;:45}\uee10{&quot;1&quot;:93,&quot;2&quot;:{&quot;5&quot;:1}}\uee10{&quot;1&quot;:106}\uee10{&quot;1&quot;:165,&quot;2&quot;:{&quot;5&quot;:1}}\uee10{&quot;1&quot;:175}\uee10{&quot;1&quot;:414,&quot;2&quot;:{&quot;5&quot;:1}}\uee10{&quot;1&quot;:434}\uee10{&quot;1&quot;:530,&quot;2&quot;:{&quot;5&quot;:1}}\uee10{&quot;1&quot;:568}\uee10{&quot;1&quot;:624,&quot;2&quot;:{&quot;5&quot;:1}}\uee10{&quot;1&quot;:633}\uee10{&quot;1&quot;:676,&quot;2&quot;:{&quot;5&quot;:1}}\uee10{&quot;1&quot;:684}\uee10{&quot;1&quot;:775,&quot;2&quot;:{&quot;5&quot;:1}}\uee10{&quot;1&quot;:822}\uee10{&quot;1&quot;:1018,&quot;2&quot;:{&quot;5&quot;:1}}\uee10{&quot;1&quot;:1035}\uee10{&quot;1&quot;:1137,&quot;2&quot;:{&quot;5&quot;:1}}\uee10{&quot;1&quot;:1155}\">Somos una empresa de <strong>funerarias<\/strong> con una larga historia. La empresa familiar se <strong>fund\u00f3 en 1968<\/strong> y, hoy en d\u00eda, Arimatea Nebulonghi la gestiona la tercera generaci\u00f3n de la familia.<\/p>\n<p>El nuevo director dej\u00f3 atr\u00e1s una exitosa carrera profesional en el mundo de los negocios internacionales para asumir su funci\u00f3n con el objetivo de continuar el negocio de la familia y cumplir su deseo de dedicarse, <strong>con su esp\u00edritu de servicio<\/strong>, a ayudar a las familias a enfrentarse a la p\u00e9rdida de un ser querido. Esta devoci\u00f3n es lo que <strong>caracteriza la identidad de la empresa<\/strong> y simboliza todo lo que nos gustar\u00eda conseguir.<\/p>\n<p>Somos <strong>artesanos<\/strong> y nos apasiona nuestra misi\u00f3n de trabajar <strong>con amor<\/strong> para todas las familias en duelo.<\/p>\n<p>En 2009, fuimos la primera funeraria en adherirse a un <strong>convenio propuesto por el ayuntamiento de Mil\u00e1n<\/strong> para ofrecer servicios funerarios a bajo coste que fueran accesibles a todos los habitantes de la ciudad.<\/p>\n<p>Disponemos de siete tanatorios en el municipio de Mil\u00e1n, adem\u00e1s de en los municipios de <strong>Cinisello Balsamo<\/strong> (situado en Via Gorki, en la esquina de Via Ferri, a 500 metros del hospital Bassini de Cinisello) y <strong>Sesto San Giovanni<\/strong> (a 1000 metros del hospital Sesto San Giovanni Multimedica).<\/span><\/p>\n<p>[\/et_pb_text][\/et_pb_column][et_pb_column type=\u00bb2_5&#8243; _builder_version=\u00bb4.16&#8243; _module_preset=\u00bbdefault\u00bb global_colors_info=\u00bb{}\u00bb theme_builder_area=\u00bbpost_content\u00bb][et_pb_image src=\u00bbhttps:\/\/www.nebulonghi.it\/wp-content\/uploads\/2022\/06\/quienes-somos.webp\u00bb title_text=\u00bbSomos una empresa de funerarias con una larga historia\u00bb module_class=\u00bbpa-image-3-2&#8243; _builder_version=\u00bb4.17.4&#8243; _module_preset=\u00bbdefault\u00bb module_alignment=\u00bbcenter\u00bb custom_margin=\u00bb1em|0px|0px|0px|false|true\u00bb custom_padding=\u00bb0px|0px|0px|0px|true|true\u00bb hover_enabled=\u00bb0&#8243; global_colors_info=\u00bb{}\u00bb theme_builder_area=\u00bbpost_content\u00bb sticky_enabled=\u00bb0&#8243; alt=\u00bbSomos una empresa de funerarias con una larga historia\u00bb][\/et_pb_image][\/et_pb_column][\/et_pb_row][\/et_pb_section][et_pb_section fb_built=\u00bb1&#8243; _builder_version=\u00bb4.16&#8243; _module_preset=\u00bbdefault\u00bb custom_margin=\u00bb0px||0px||true|false\u00bb custom_padding=\u00bb0px||0px||true|false\u00bb global_colors_info=\u00bb{}\u00bb theme_builder_area=\u00bbpost_content\u00bb da_is_popup=\u00bboff\u00bb da_exit_intent=\u00bboff\u00bb da_has_close=\u00bbon\u00bb da_alt_close=\u00bboff\u00bb da_dark_close=\u00bboff\u00bb da_not_modal=\u00bbon\u00bb da_is_singular=\u00bboff\u00bb da_with_loader=\u00bboff\u00bb da_has_shadow=\u00bbon\u00bb da_disable_devices=\u00bboff|off|off\u00bb][et_pb_row column_structure=\u00bb2_3,1_3&#8243; admin_label=\u00bbCTA Row\u00bb module_class=\u00bbcta-chiama\u00bb _builder_version=\u00bb4.16&#8243; background_color=\u00bb#3e70b6&#8243; background_color_gradient_direction=\u00bb137deg\u00bb width=\u00bb100%\u00bb custom_margin=\u00bb1em||||false|false\u00bb custom_padding=\u00bb1em|40px|1.5em|40px|false|false\u00bb border_radii=\u00bbon|2px|2px|2px|2px\u00bb global_colors_info=\u00bb{%22gcid-a96d85c8-e9b2-4e00-99b5-7485533ef31f%22:%91%93,%22gcid-cb5643f0-d518-4fb5-93d5-55203e1c1ffb%22:%91%93}\u00bb theme_builder_area=\u00bbpost_content\u00bb][et_pb_column type=\u00bb2_3&#8243; _builder_version=\u00bb4.16&#8243; custom_padding=\u00bb|||\u00bb global_colors_info=\u00bb{}\u00bb custom_padding__hover=\u00bb|||\u00bb theme_builder_area=\u00bbpost_content\u00bb][et_pb_text module_class=\u00bbcta-chiama-txt\u00bb _builder_version=\u00bb4.16&#8243; text_font=\u00bb||||||||\u00bb text_text_color=\u00bb#ffffff\u00bb text_font_size=\u00bb15px\u00bb header_font=\u00bb|700|||||||\u00bb header_text_align=\u00bbleft\u00bb header_text_color=\u00bb#ffffff\u00bb header_font_size=\u00bb35px\u00bb header_line_height=\u00bb1.4em\u00bb header_2_font=\u00bb|700|||||||\u00bb header_2_text_align=\u00bbleft\u00bb header_2_text_color=\u00bb#ffffff\u00bb header_2_font_size=\u00bb35px\u00bb header_2_line_height=\u00bb1.4em\u00bb header_3_font=\u00bb||||||||\u00bb header_4_font=\u00bb||||||||\u00bb header_5_font=\u00bb||||||||\u00bb header_6_font=\u00bb||||||||\u00bb custom_margin=\u00bb||| \u00bb global_colors_info=\u00bb{}\u00bb theme_builder_area=\u00bbpost_content\u00bb]<\/p>\n<h2>FUNERARIAS EN MIL\u00c1N<\/h2>\n<p>Conf\u00ede en nuestra experiencia para organizar el funeral que mejor se adapte a sus necesidades. No dude en llamarnos; estamos a su disposici\u00f3n.<\/p>\n<p>[\/et_pb_text][\/et_pb_column][et_pb_column type=\u00bb1_3&#8243; _builder_version=\u00bb4.16&#8243; custom_padding=\u00bb|||\u00bb global_colors_info=\u00bb{}\u00bb custom_padding__hover=\u00bb|||\u00bb theme_builder_area=\u00bbpost_content\u00bb][et_pb_button button_url=\u00bbtel:+390266222895&#8243; button_text=\u00bbLl\u00e1menos\u00bb module_class=\u00bbfull-width-btn\u00bb _builder_version=\u00bb4.16&#8243; _module_preset=\u00bb255d068a-70ed-4dff-bad5-7346b9cd57bc\u00bb button_text_color=\u00bb#000000&#8243; button_bg_color=\u00bb#FFFFFF\u00bb button_font=\u00bb|600|||||||\u00bb custom_margin=\u00bb1em||||false|false\u00bb animation_style=\u00bbnone\u00bb hover_transition_duration=\u00bb0ms\u00bb hover_transition_speed_curve=\u00bbease-in-out\u00bb button_letter_spacing_hover=\u00bb1px\u00bb button_bg_color_hover=\u00bb#236299&#8243; saved_tabs=\u00bball\u00bb locked=\u00bboff\u00bb global_colors_info=\u00bb{%22gcid-cb5643f0-d518-4fb5-93d5-55203e1c1ffb%22:%91%93,%22gcid-a96d85c8-e9b2-4e00-99b5-7485533ef31f%22:%91%93}\u00bb button_one_text_size__hover_enabled=\u00bboff\u00bb button_two_text_size__hover_enabled=\u00bboff\u00bb button_one_text_color__hover_enabled=\u00bboff\u00bb button_two_text_color__hover_enabled=\u00bboff\u00bb button_one_border_width__hover_enabled=\u00bboff\u00bb button_two_border_width__hover_enabled=\u00bboff\u00bb button_one_border_color__hover_enabled=\u00bboff\u00bb button_two_border_color__hover_enabled=\u00bboff\u00bb button_one_border_radius__hover_enabled=\u00bboff\u00bb button_two_border_radius__hover_enabled=\u00bboff\u00bb button_one_letter_spacing__hover_enabled=\u00bboff\u00bb button_two_letter_spacing__hover_enabled=\u00bboff\u00bb button_one_bg_color__hover_enabled=\u00bboff\u00bb button_two_bg_color__hover_enabled=\u00bboff\u00bb button_bg_color__hover_enabled=\u00bbon|hover\u00bb button_bg_color__hover=\u00bb#000000&#8243; button_bg_enable_color__hover=\u00bbon\u00bb button_text_color__hover_enabled=\u00bbon|hover\u00bb button_text_color__hover=\u00bb#FFFFFF\u00bb theme_builder_area=\u00bbpost_content\u00bb][\/et_pb_button][\/et_pb_column][\/et_pb_row][\/et_pb_section]<\/p>\n","protected":false},"excerpt":{"rendered":"<p>Arimatea Nebulonghi es una empresa de funerarias que trabaja en Mil\u00e1n. Llevamos m\u00e1s de 50 a\u00f1os trabajando en el campo de las ceremonias funerarias y los tanatorios en la ciudad de Mil\u00e1n y su provincia. Nuestro objetivo es acompa\u00f1ar a las familias para que puedan realizar un funeral que honre la memoria de su ser querido, que les ayude a asimilar la p\u00e9rdida y que se adapte a diferentes tipos de presupuestos.\u00bb<\/p>\n","protected":false},"author":2,"featured_media":249475,"parent":0,"menu_order":0,"comment_status":"closed","ping_status":"closed","template":"","meta":{"_et_pb_use_builder":"on","_et_pb_old_content":"","_et_gb_content_width":"","footnotes":""},"class_list":["post-250841","page","type-page","status-publish","has-post-thumbnail","hentry"],"_links":{"self":[{"href":"https:\/\/www.nebulonghi.it\/es\/wp-json\/wp\/v2\/pages\/250841","targetHints":{"allow":["GET"]}}],"collection":[{"href":"https:\/\/www.nebulonghi.it\/es\/wp-json\/wp\/v2\/pages"}],"about":[{"href":"https:\/\/www.nebulonghi.it\/es\/wp-json\/wp\/v2\/types\/page"}],"author":[{"embeddable":true,"href":"https:\/\/www.nebulonghi.it\/es\/wp-json\/wp\/v2\/users\/2"}],"replies":[{"embeddable":true,"href":"https:\/\/www.nebulonghi.it\/es\/wp-json\/wp\/v2\/comments?post=250841"}],"version-history":[{"count":2,"href":"https:\/\/www.nebulonghi.it\/es\/wp-json\/wp\/v2\/pages\/250841\/revisions"}],"predecessor-version":[{"id":288138,"href":"https:\/\/www.nebulonghi.it\/es\/wp-json\/wp\/v2\/pages\/250841\/revisions\/288138"}],"wp:featuredmedia":[{"embeddable":true,"href":"https:\/\/www.nebulonghi.it\/es\/wp-json\/wp\/v2\/media\/249475"}],"wp:attachment":[{"href":"https:\/\/www.nebulonghi.it\/es\/wp-json\/wp\/v2\/media?parent=250841"}],"curies":[{"name":"wp","href":"https:\/\/api.w.org\/{rel}","templated":true}]}}